{"id":23,"date":"2024-07-24T11:37:33","date_gmt":"2024-07-24T09:37:33","guid":{"rendered":"https:\/\/promontinproject.pl\/?page_id=23"},"modified":"2025-07-07T14:59:20","modified_gmt":"2025-07-07T12:59:20","slug":"kontakt","status":"publish","type":"page","link":"https:\/\/promontinproject.pl\/en\/kontakt\/","title":{"rendered":"Contact"},"content":{"rendered":"<div data-elementor-type=\"wp-page\" data-elementor-id=\"23\" class=\"elementor elementor-23\">\n\t\t\t\t<div class=\"elementor-element elementor-element-d804c77 e-flex e-con-boxed e-con e-parent\" data-id=\"d804c77\" data-element_type=\"container\">\n\t\t\t\t\t<div class=\"e-con-inner\">\n\t\t<div class=\"elementor-element elementor-element-7d62d2a e-con-full e-flex e-con e-child\" data-id=\"7d62d2a\" data-element_type=\"container\" data-settings=\"{&quot;background_background&quot;:&quot;classic&quot;}\">\n\t\t\t\t<div class=\"elementor-element elementor-element-4b732d5 elementor-widget elementor-widget-text-editor\" data-id=\"4b732d5\" data-element_type=\"widget\" data-widget_type=\"text-editor.default\">\n\t\t\t\t<div class=\"elementor-widget-container\">\n\t\t\t\t\t\t\t<h2><span style=\"color: #ffffff;\">Contact<\/span><\/h2>\t\t\t\t\t\t<\/div>\n\t\t\t\t<\/div>\n\t\t<div class=\"elementor-element elementor-element-6394eff e-grid e-con-full e-con e-child\" data-id=\"6394eff\" data-element_type=\"container\">\n\t\t<div class=\"elementor-element elementor-element-eace6e2 e-con-full e-flex e-con e-child\" data-id=\"eace6e2\" data-element_type=\"container\">\n\t\t\t\t<div class=\"elementor-element elementor-element-8b065fa elementor-widget elementor-widget-image\" data-id=\"8b065fa\" data-element_type=\"widget\" data-widget_type=\"image.default\">\n\t\t\t\t<div class=\"elementor-widget-container\">\n\t\t\t\t\t\t\t\t\t\t\t\t\t<img fetchpriority=\"high\" decoding=\"async\" width=\"1024\" height=\"515\" src=\"https:\/\/promontinproject.pl\/wp-content\/uploads\/2024\/09\/Budynek_Front_PP_s-1024x515.jpg\" class=\"attachment-large size-large wp-image-1781\" alt=\"\" srcset=\"https:\/\/promontinproject.pl\/wp-content\/uploads\/2024\/09\/Budynek_Front_PP_s-1024x515.jpg 1024w, https:\/\/promontinproject.pl\/wp-content\/uploads\/2024\/09\/Budynek_Front_PP_s-300x151.jpg 300w, https:\/\/promontinproject.pl\/wp-content\/uploads\/2024\/09\/Budynek_Front_PP_s-768x386.jpg 768w, https:\/\/promontinproject.pl\/wp-content\/uploads\/2024\/09\/Budynek_Front_PP_s-18x9.jpg 18w, https:\/\/promontinproject.pl\/wp-content\/uploads\/2024\/09\/Budynek_Front_PP_s.jpg 1280w\" sizes=\"(max-width: 1024px) 100vw, 1024px\" \/>\t\t\t\t\t\t\t\t\t\t\t\t\t<\/div>\n\t\t\t\t<\/div>\n\t\t\t\t<div class=\"elementor-element elementor-element-81f8156 elementor-widget elementor-widget-google_maps\" data-id=\"81f8156\" data-element_type=\"widget\" data-widget_type=\"google_maps.default\">\n\t\t\t\t<div class=\"elementor-widget-container\">\n\t\t\t\t\t<div class=\"elementor-custom-embed\">\n\t\t\t<iframe loading=\"lazy\"\n\t\t\t\t\tsrc=\"https:\/\/maps.google.com\/maps?q=Promontin%20Project%2C%20Ujastek%205B%2C%2031-752%20Krak%C3%B3w&#038;t=m&#038;z=16&#038;output=embed&#038;iwloc=near\"\n\t\t\t\t\ttitle=\"Promontin Project, Ujastek 5B, 31-752 Cracow\"\n\t\t\t\t\taria-label=\"Promontin Project, Ujastek 5B, 31-752 Cracow\"\n\t\t\t><\/iframe>\n\t\t<\/div>\n\t\t\t\t<\/div>\n\t\t\t\t<\/div>\n\t\t\t\t<\/div>\n\t\t\t\t<div class=\"elementor-element elementor-element-d2a2bd4 elementor-widget elementor-widget-shortcode\" data-id=\"d2a2bd4\" data-element_type=\"widget\" data-widget_type=\"shortcode.default\">\n\t\t\t\t<div class=\"elementor-widget-container\">\n\t\t\t\t\t<div class=\"elementor-shortcode\">\n<div class=\"wpcf7 no-js\" id=\"wpcf7-f4-o1\" lang=\"pl-PL\" dir=\"ltr\">\n<div class=\"screen-reader-response\"><p role=\"status\" aria-live=\"polite\" aria-atomic=\"true\"><\/p> <ul><\/ul><\/div>\n<form action=\"\/en\/wp-json\/wp\/v2\/pages\/23#wpcf7-f4-o1\" method=\"post\" class=\"wpcf7-form init\" aria-label=\"Formularz kontaktowy\" novalidate=\"novalidate\" data-status=\"init\" data-trp-original-action=\"\/en\/wp-json\/wp\/v2\/pages\/23#wpcf7-f4-o1\">\n<div style=\"display: none;\">\n<input type=\"hidden\" name=\"_wpcf7\" value=\"4\" \/>\n<input type=\"hidden\" name=\"_wpcf7_version\" value=\"5.9.8\" \/>\n<input type=\"hidden\" name=\"_wpcf7_locale\" value=\"pl_PL\" \/>\n<input type=\"hidden\" name=\"_wpcf7_unit_tag\" value=\"wpcf7-f4-o1\" \/>\n<input type=\"hidden\" name=\"_wpcf7_container_post\" value=\"0\" \/>\n<input type=\"hidden\" name=\"_wpcf7_posted_data_hash\" value=\"\" \/>\n<\/div>\n<p><span class=\"wpcf7-form-control-wrap\" data-name=\"your-name\"><input size=\"40\" maxlength=\"400\" class=\"wpcf7-form-control wpcf7-text wpcf7-validates-as-required form-class\" autocomplete=\"name\" aria-required=\"true\" aria-invalid=\"false\" placeholder=\"Your name and surname\" value=\"\" type=\"text\" name=\"your-name\" \/><\/span><br \/>\n<span class=\"wpcf7-form-control-wrap\" data-name=\"your-email\"><input size=\"40\" maxlength=\"400\" class=\"wpcf7-form-control wpcf7-email wpcf7-validates-as-required wpcf7-text wpcf7-validates-as-email form-class\" autocomplete=\"email\" aria-required=\"true\" aria-invalid=\"false\" placeholder=\"Your email address\" value=\"\" type=\"email\" name=\"your-email\" \/><\/span><br \/>\n<span class=\"wpcf7-form-control-wrap\" data-name=\"your-subject\"><input size=\"40\" maxlength=\"400\" class=\"wpcf7-form-control wpcf7-text wpcf7-validates-as-required form-class\" aria-required=\"true\" aria-invalid=\"false\" placeholder=\"Subject\" value=\"\" type=\"text\" name=\"your-subject\" \/><\/span><br \/>\n<span class=\"wpcf7-form-control-wrap\" data-name=\"your-message\"><textarea cols=\"40\" rows=\"10\" maxlength=\"2000\" class=\"wpcf7-form-control wpcf7-textarea form-class\" aria-invalid=\"false\" placeholder=\"Your message\" name=\"your-message\"><\/textarea><\/span><br \/>\n<input class=\"wpcf7-form-control wpcf7-submit has-spinner\" type=\"submit\" value=\"Send\" \/>\n<\/p><div class=\"wpcf7-response-output\" aria-hidden=\"true\"><\/div>\n<input type=\"hidden\" name=\"trp-form-language\" value=\"en\"\/><\/form>\n<\/div>\n<\/div>\n\t\t\t\t<\/div>\n\t\t\t\t<\/div>\n\t\t\t\t<\/div>\n\t\t\t\t<\/div>\n\t\t<div class=\"elementor-element elementor-element-e05bfcb e-con-full e-flex e-con e-child\" data-id=\"e05bfcb\" data-element_type=\"container\" data-settings=\"{&quot;background_background&quot;:&quot;classic&quot;}\">\n\t\t<div class=\"elementor-element elementor-element-add67ba e-grid e-con-full e-con e-child\" data-id=\"add67ba\" data-element_type=\"container\">\n\t\t\t\t<div class=\"elementor-element elementor-element-8accaae elementor-widget elementor-widget-text-editor\" data-id=\"8accaae\" data-element_type=\"widget\" data-widget_type=\"text-editor.default\">\n\t\t\t\t<div class=\"elementor-widget-container\">\n\t\t\t\t\t\t\t<h5 style=\"font-weight: 400;\">PROMONTIN PROJECT Sp. z o.o.<\/h5><p style=\"font-weight: 400;\">Krak\u00f3w ul. Mrozowa 3, 31-752 Krak\u00f3w<\/p><p style=\"font-weight: 400;\">tel.\/mobile +48 504 854 570<\/p><p style=\"font-weight: 400;\"><a href=\"https:\/\/promontinproject.pl\/en\/\">www.promontinproject.pl<\/a><\/p><p style=\"font-weight: 400;\"><a href=\"mailto:biuro@promontinproject.pl\"><u>biuro@promontinproject.pl<\/u><\/a><\/p><p style=\"font-weight: 400;\">S\u0105d Rejonowy w Krakowie XI Wydzia\u0142 Gospodarczy<\/p><p><span style=\"font-weight: 400;\">KRS: 0001096933 <br \/>NIP: 678-321-54-57<br \/>REGON: 528257109<\/span><\/p>\t\t\t\t\t\t<\/div>\n\t\t\t\t<\/div>\n\t\t\t\t<div class=\"elementor-element elementor-element-ed1261d elementor-widget elementor-widget-text-editor\" data-id=\"ed1261d\" data-element_type=\"widget\" data-widget_type=\"text-editor.default\">\n\t\t\t\t<div class=\"elementor-widget-container\">\n\t\t\t\t\t\t\t<h5 style=\"font-weight: 400;\">Chairman of the Board<\/h5><p style=\"font-weight: 400;\"><strong>Ma\u0142gorzata Ro\u017cy\u0144ska-Wo\u017aniak<\/strong><\/p><p style=\"font-weight: 400;\"><a href=\"mailto:malgorzata.wozniak@promontin.pl\">malgorzata.wozniak@promontin.pl<\/a><\/p><p><span style=\"font-weight: 400;\">tel.\/mobile +48\u00a0501\u00a0781\u00a0544<\/span><\/p>\t\t\t\t\t\t<\/div>\n\t\t\t\t<\/div>\n\t\t\t\t<div class=\"elementor-element elementor-element-6c1b8c0 elementor-widget elementor-widget-text-editor\" data-id=\"6c1b8c0\" data-element_type=\"widget\" data-widget_type=\"text-editor.default\">\n\t\t\t\t<div class=\"elementor-widget-container\">\n\t\t\t\t\t\t\t<h5 style=\"font-weight: 400;\">Procurator\/Technical Director<\/h5><p style=\"font-weight: 400;\"><strong>Pawe\u0142 Pietras<\/strong><\/p><p style=\"font-weight: 400;\"><a href=\"mailto:pawel.pietras@promontinproject.pl\">pawel.pietras@promontinproject.pl<\/a><\/p><p><span style=\"font-weight: 400;\">tel.\/mobile +48 504 854 570<\/span><\/p>\t\t\t\t\t\t<\/div>\n\t\t\t\t<\/div>\n\t\t\t\t<div class=\"elementor-element elementor-element-cf7ff16 elementor-widget elementor-widget-text-editor\" data-id=\"cf7ff16\" data-element_type=\"widget\" data-widget_type=\"text-editor.default\">\n\t\t\t\t<div class=\"elementor-widget-container\">\n\t\t\t\t\t\t\t<h5 style=\"font-weight: 400;\">Mechanical and technological department:<\/h5><p style=\"font-weight: 400;\"><strong>\u0141ukasz \u0141azarczyk<\/strong><\/p><p style=\"font-weight: 400;\"><a href=\"mailto:lukasz.lazarczyk@promontinproject.pl\">lukasz.lazarczyk@promontinproject.pl<\/a><\/p><p><span style=\"font-weight: 400;\">tel.\/mobile +48\u00a0504\u00a0854\u00a0571<\/span><\/p>\t\t\t\t\t\t<\/div>\n\t\t\t\t<\/div>\n\t\t\t\t<div class=\"elementor-element elementor-element-876028a elementor-widget elementor-widget-text-editor\" data-id=\"876028a\" data-element_type=\"widget\" data-widget_type=\"text-editor.default\">\n\t\t\t\t<div class=\"elementor-widget-container\">\n\t\t\t\t\t\t\t<h5 style=\"font-weight: 400;\">Energy and Installation Department:<\/h5><p style=\"font-weight: 400;\"><strong>Artur\u00a0Szymaniak<\/strong><\/p><p style=\"font-weight: 400;\"><a href=\"mailto:artur.szymaniak@promontinproject.pl\">artur.szymaniak@promontinproject.pl<\/a><\/p><p><span style=\"font-weight: 400;\">tel.\/mobile +48 606 217\u00a0377<\/span><\/p>\t\t\t\t\t\t<\/div>\n\t\t\t\t<\/div>\n\t\t\t\t<div class=\"elementor-element elementor-element-af6877d elementor-widget elementor-widget-text-editor\" data-id=\"af6877d\" data-element_type=\"widget\" data-widget_type=\"text-editor.default\">\n\t\t\t\t<div class=\"elementor-widget-container\">\n\t\t\t\t\t\t\t<h5 style=\"font-weight: 400;\">Construction Department:<\/h5><p style=\"font-weight: 400;\"><strong>Bart\u0142omiej\u00a0Wolak<\/strong><\/p><p style=\"font-weight: 400;\"><a href=\"mailto:bartlomiej.wolak@promontinproject.pl\">bartlomiej.wolak@promontinproject.pl<\/a><\/p><p><span style=\"font-weight: 400;\">tel.\/mobile +48 504 854 621<\/span><\/p>\t\t\t\t\t\t<\/div>\n\t\t\t\t<\/div>\n\t\t\t\t<div class=\"elementor-element elementor-element-5de0fef elementor-widget elementor-widget-text-editor\" data-id=\"5de0fef\" data-element_type=\"widget\" data-widget_type=\"text-editor.default\">\n\t\t\t\t<div class=\"elementor-widget-container\">\n\t\t\t\t\t\t\t<h5 style=\"font-weight: 400;\">Electrical Department:<\/h5><p style=\"font-weight: 400;\"><strong>Piotr Biesiada<\/strong><\/p><p style=\"font-weight: 400;\"><a href=\"mailto:lukasz.lazarczyk@promontinproject.pl\">piotr.biesiada@promontinproject.pl<\/a><\/p><p><span style=\"font-weight: 400;\">tel.\/mobile +48 504 854 627<\/span><\/p>\t\t\t\t\t\t<\/div>\n\t\t\t\t<\/div>\n\t\t\t\t<\/div>\n\t\t\t\t<\/div>\n\t\t\t\t\t<\/div>\n\t\t\t\t<\/div>\n\t\t\t\t<\/div>","protected":false},"excerpt":{"rendered":"<p>Kontakt PROMONTIN PROJECT Sp. z o.o. Krak\u00f3w ul. Mrozowa 3, 31-752 Krak\u00f3w tel.\/mobile +48 504 854 570 www.promontinproject.pl biuro@promontinproject.pl S\u0105d Rejonowy w Krakowie XI Wydzia\u0142 Gospodarczy KRS: 0001096933 NIP: 678-321-54-57REGON: 528257109 Prezes Zarz\u0105du Ma\u0142gorzata Ro\u017cy\u0144ska-Wo\u017aniak malgorzata.wozniak@promontin.pl tel.\/mobile +48\u00a0501\u00a0781\u00a0544 Prokurent\/Dyrektor techniczny Pawe\u0142 Pietras pawel.pietras@promontinproject.pl tel.\/mobile +48 504 854 570 Dzia\u0142 Mechaniczno-technologiczny: \u0141ukasz \u0141azarczyk lukasz.lazarczyk@promontinproject.pl tel.\/mobile +48\u00a0504\u00a0854\u00a0571&hellip;&nbsp;<a href=\"https:\/\/promontinproject.pl\/en\/kontakt\/\" class=\"\" rel=\"bookmark\">Read More &raquo;<span class=\"screen-reader-text\">Contact<\/span><\/a><\/p>","protected":false},"author":1,"featured_media":0,"parent":0,"menu_order":0,"comment_status":"closed","ping_status":"closed","template":"page-templates\/template-pagebuilder-full-width.php","meta":{"neve_meta_sidebar":"","neve_meta_container":"","neve_meta_enable_content_width":"","neve_meta_content_width":0,"neve_meta_title_alignment":"","neve_meta_author_avatar":"","neve_post_elements_order":"","neve_meta_disable_header":"","neve_meta_disable_footer":"","neve_meta_disable_title":"on","footnotes":""},"class_list":["post-23","page","type-page","status-publish","hentry"],"yoast_head":"<!-- This site is optimized with the Yoast SEO plugin v23.5 - https:\/\/yoast.com\/wordpress\/plugins\/seo\/ -->\n<title>Kontakt - Promontin Project<\/title>\n<meta name=\"description\" content=\"Skontaktuj si\u0119 z Promontin Project! Znajdziesz nasze biuro w Krakowie, a tak\u017ce dost\u0119pne numery telefon\u00f3w oraz e-maile naszych dzia\u0142\u00f3w.\" \/>\n<meta name=\"robots\" content=\"index, follow, max-snippet:-1, max-image-preview:large, max-video-preview:-1\" \/>\n<link rel=\"canonical\" href=\"https:\/\/promontinproject.pl\/en\/kontakt\/\" \/>\n<meta property=\"og:locale\" content=\"en_US\" \/>\n<meta property=\"og:type\" content=\"article\" \/>\n<meta property=\"og:title\" content=\"Kontakt - Promontin Project\" \/>\n<meta property=\"og:description\" content=\"Skontaktuj si\u0119 z Promontin Project! Znajdziesz nasze biuro w Krakowie, a tak\u017ce dost\u0119pne numery telefon\u00f3w oraz e-maile naszych dzia\u0142\u00f3w.\" \/>\n<meta property=\"og:url\" content=\"https:\/\/promontinproject.pl\/en\/kontakt\/\" \/>\n<meta property=\"og:site_name\" content=\"Promontin Project\" \/>\n<meta property=\"article:modified_time\" content=\"2025-07-07T12:59:20+00:00\" \/>\n<meta property=\"og:image\" content=\"https:\/\/promontinproject.pl\/wp-content\/uploads\/2024\/09\/Budynek_Front_PP_s-1024x515.jpg\" \/>\n<meta name=\"twitter:card\" content=\"summary_large_image\" \/>\n<meta name=\"twitter:label1\" content=\"Est. reading time\" \/>\n\t<meta name=\"twitter:data1\" content=\"1 minute\" \/>\n<script type=\"application\/ld+json\" class=\"yoast-schema-graph\">{\"@context\":\"https:\/\/schema.org\",\"@graph\":[{\"@type\":\"WebPage\",\"@id\":\"https:\/\/promontinproject.pl\/kontakt\/\",\"url\":\"https:\/\/promontinproject.pl\/kontakt\/\",\"name\":\"Kontakt - Promontin Project\",\"isPartOf\":{\"@id\":\"https:\/\/promontinproject.pl\/#website\"},\"primaryImageOfPage\":{\"@id\":\"https:\/\/promontinproject.pl\/kontakt\/#primaryimage\"},\"image\":{\"@id\":\"https:\/\/promontinproject.pl\/kontakt\/#primaryimage\"},\"thumbnailUrl\":\"https:\/\/promontinproject.pl\/wp-content\/uploads\/2024\/09\/Budynek_Front_PP_s-1024x515.jpg\",\"datePublished\":\"2024-07-24T09:37:33+00:00\",\"dateModified\":\"2025-07-07T12:59:20+00:00\",\"description\":\"Skontaktuj si\u0119 z Promontin Project! Znajdziesz nasze biuro w Krakowie, a tak\u017ce dost\u0119pne numery telefon\u00f3w oraz e-maile naszych dzia\u0142\u00f3w.\",\"breadcrumb\":{\"@id\":\"https:\/\/promontinproject.pl\/kontakt\/#breadcrumb\"},\"inLanguage\":\"en-US\",\"potentialAction\":[{\"@type\":\"ReadAction\",\"target\":[\"https:\/\/promontinproject.pl\/kontakt\/\"]}]},{\"@type\":\"ImageObject\",\"inLanguage\":\"en-US\",\"@id\":\"https:\/\/promontinproject.pl\/kontakt\/#primaryimage\",\"url\":\"https:\/\/promontinproject.pl\/wp-content\/uploads\/2024\/09\/Budynek_Front_PP_s-1024x515.jpg\",\"contentUrl\":\"https:\/\/promontinproject.pl\/wp-content\/uploads\/2024\/09\/Budynek_Front_PP_s-1024x515.jpg\"},{\"@type\":\"BreadcrumbList\",\"@id\":\"https:\/\/promontinproject.pl\/kontakt\/#breadcrumb\",\"itemListElement\":[{\"@type\":\"ListItem\",\"position\":1,\"name\":\"Home\",\"item\":\"https:\/\/promontinproject.pl\/\"},{\"@type\":\"ListItem\",\"position\":2,\"name\":\"Kontakt\"}]},{\"@type\":\"WebSite\",\"@id\":\"https:\/\/promontinproject.pl\/#website\",\"url\":\"https:\/\/promontinproject.pl\/\",\"name\":\"Promontin Project\",\"description\":\"Nowoczesna in\u017cynieria dla wymagaj\u0105cych inwestycji\",\"publisher\":{\"@id\":\"https:\/\/promontinproject.pl\/#organization\"},\"potentialAction\":[{\"@type\":\"SearchAction\",\"target\":{\"@type\":\"EntryPoint\",\"urlTemplate\":\"https:\/\/promontinproject.pl\/?s={search_term_string}\"},\"query-input\":{\"@type\":\"PropertyValueSpecification\",\"valueRequired\":true,\"valueName\":\"search_term_string\"}}],\"inLanguage\":\"en-US\"},{\"@type\":\"Organization\",\"@id\":\"https:\/\/promontinproject.pl\/#organization\",\"name\":\"Promontin Project\",\"url\":\"https:\/\/promontinproject.pl\/\",\"logo\":{\"@type\":\"ImageObject\",\"inLanguage\":\"en-US\",\"@id\":\"https:\/\/promontinproject.pl\/#\/schema\/logo\/image\/\",\"url\":\"https:\/\/promontinproject.pl\/wp-content\/uploads\/2024\/07\/promontin-project_logo.jpg\",\"contentUrl\":\"https:\/\/promontinproject.pl\/wp-content\/uploads\/2024\/07\/promontin-project_logo.jpg\",\"width\":301,\"height\":102,\"caption\":\"Promontin Project\"},\"image\":{\"@id\":\"https:\/\/promontinproject.pl\/#\/schema\/logo\/image\/\"}}]}<\/script>\n<!-- \/ Yoast SEO plugin. -->","yoast_head_json":{"title":"Kontakt - Promontin Project","description":"Skontaktuj si\u0119 z Promontin Project! Znajdziesz nasze biuro w Krakowie, a tak\u017ce dost\u0119pne numery telefon\u00f3w oraz e-maile naszych dzia\u0142\u00f3w.","robots":{"index":"index","follow":"follow","max-snippet":"max-snippet:-1","max-image-preview":"max-image-preview:large","max-video-preview":"max-video-preview:-1"},"canonical":"https:\/\/promontinproject.pl\/en\/kontakt\/","og_locale":"en_US","og_type":"article","og_title":"Kontakt - Promontin Project","og_description":"Skontaktuj si\u0119 z Promontin Project! Znajdziesz nasze biuro w Krakowie, a tak\u017ce dost\u0119pne numery telefon\u00f3w oraz e-maile naszych dzia\u0142\u00f3w.","og_url":"https:\/\/promontinproject.pl\/en\/kontakt\/","og_site_name":"Promontin Project","article_modified_time":"2025-07-07T12:59:20+00:00","og_image":[{"url":"https:\/\/promontinproject.pl\/wp-content\/uploads\/2024\/09\/Budynek_Front_PP_s-1024x515.jpg"}],"twitter_card":"summary_large_image","twitter_misc":{"Est. reading time":"1 minute"},"schema":{"@context":"https:\/\/schema.org","@graph":[{"@type":"WebPage","@id":"https:\/\/promontinproject.pl\/kontakt\/","url":"https:\/\/promontinproject.pl\/kontakt\/","name":"Kontakt - Promontin Project","isPartOf":{"@id":"https:\/\/promontinproject.pl\/#website"},"primaryImageOfPage":{"@id":"https:\/\/promontinproject.pl\/kontakt\/#primaryimage"},"image":{"@id":"https:\/\/promontinproject.pl\/kontakt\/#primaryimage"},"thumbnailUrl":"https:\/\/promontinproject.pl\/wp-content\/uploads\/2024\/09\/Budynek_Front_PP_s-1024x515.jpg","datePublished":"2024-07-24T09:37:33+00:00","dateModified":"2025-07-07T12:59:20+00:00","description":"Skontaktuj si\u0119 z Promontin Project! Znajdziesz nasze biuro w Krakowie, a tak\u017ce dost\u0119pne numery telefon\u00f3w oraz e-maile naszych dzia\u0142\u00f3w.","breadcrumb":{"@id":"https:\/\/promontinproject.pl\/kontakt\/#breadcrumb"},"inLanguage":"en-US","potentialAction":[{"@type":"ReadAction","target":["https:\/\/promontinproject.pl\/kontakt\/"]}]},{"@type":"ImageObject","inLanguage":"en-US","@id":"https:\/\/promontinproject.pl\/kontakt\/#primaryimage","url":"https:\/\/promontinproject.pl\/wp-content\/uploads\/2024\/09\/Budynek_Front_PP_s-1024x515.jpg","contentUrl":"https:\/\/promontinproject.pl\/wp-content\/uploads\/2024\/09\/Budynek_Front_PP_s-1024x515.jpg"},{"@type":"BreadcrumbList","@id":"https:\/\/promontinproject.pl\/kontakt\/#breadcrumb","itemListElement":[{"@type":"ListItem","position":1,"name":"Home","item":"https:\/\/promontinproject.pl\/"},{"@type":"ListItem","position":2,"name":"Kontakt"}]},{"@type":"WebSite","@id":"https:\/\/promontinproject.pl\/#website","url":"https:\/\/promontinproject.pl\/","name":"Promontin Project","description":"Nowoczesna in\u017cynieria dla wymagaj\u0105cych inwestycji","publisher":{"@id":"https:\/\/promontinproject.pl\/#organization"},"potentialAction":[{"@type":"SearchAction","target":{"@type":"EntryPoint","urlTemplate":"https:\/\/promontinproject.pl\/?s={search_term_string}"},"query-input":{"@type":"PropertyValueSpecification","valueRequired":true,"valueName":"search_term_string"}}],"inLanguage":"en-US"},{"@type":"Organization","@id":"https:\/\/promontinproject.pl\/#organization","name":"Promontin Project","url":"https:\/\/promontinproject.pl\/","logo":{"@type":"ImageObject","inLanguage":"en-US","@id":"https:\/\/promontinproject.pl\/#\/schema\/logo\/image\/","url":"https:\/\/promontinproject.pl\/wp-content\/uploads\/2024\/07\/promontin-project_logo.jpg","contentUrl":"https:\/\/promontinproject.pl\/wp-content\/uploads\/2024\/07\/promontin-project_logo.jpg","width":301,"height":102,"caption":"Promontin Project"},"image":{"@id":"https:\/\/promontinproject.pl\/#\/schema\/logo\/image\/"}}]}},"jetpack_sharing_enabled":true,"_links":{"self":[{"href":"https:\/\/promontinproject.pl\/en\/wp-json\/wp\/v2\/pages\/23","targetHints":{"allow":["GET"]}}],"collection":[{"href":"https:\/\/promontinproject.pl\/en\/wp-json\/wp\/v2\/pages"}],"about":[{"href":"https:\/\/promontinproject.pl\/en\/wp-json\/wp\/v2\/types\/page"}],"author":[{"embeddable":true,"href":"https:\/\/promontinproject.pl\/en\/wp-json\/wp\/v2\/users\/1"}],"replies":[{"embeddable":true,"href":"https:\/\/promontinproject.pl\/en\/wp-json\/wp\/v2\/comments?post=23"}],"version-history":[{"count":82,"href":"https:\/\/promontinproject.pl\/en\/wp-json\/wp\/v2\/pages\/23\/revisions"}],"predecessor-version":[{"id":1931,"href":"https:\/\/promontinproject.pl\/en\/wp-json\/wp\/v2\/pages\/23\/revisions\/1931"}],"wp:attachment":[{"href":"https:\/\/promontinproject.pl\/en\/wp-json\/wp\/v2\/media?parent=23"}],"curies":[{"name":"wp","href":"https:\/\/api.w.org\/{rel}","templated":true}]}}